{"id":1702,"date":"2022-02-08T16:16:37","date_gmt":"2022-02-08T15:16:37","guid":{"rendered":"https:\/\/altairroelants.com\/?page_id=1702"},"modified":"2025-10-15T17:13:28","modified_gmt":"2025-10-15T15:13:28","slug":"consultation-de-carrieres-dartiste-et-conseils","status":"publish","type":"page","link":"https:\/\/altairroelants.com\/fr\/consultation-de-carrieres-dartiste-et-conseils\/","title":{"rendered":"Accompagnement d&rsquo;artistes &#038; conseils de carri\u00e8re"},"content":{"rendered":"\t\t<div data-elementor-type=\"wp-page\" data-elementor-id=\"1702\" class=\"elementor elementor-1702\">\n\t\t\t\t\t\t\t\t\t<section class=\"elementor-section elementor-top-section elementor-element elementor-element-2eebed90 elementor-section-boxed elementor-section-height-default elementor-section-height-default\" data-id=\"2eebed90\" data-element_type=\"section\">\n\t\t\t\t\t\t<div class=\"elementor-container elementor-column-gap-default\">\n\t\t\t\t\t<div class=\"elementor-column elementor-col-100 elementor-top-column elementor-element elementor-element-269970a7\" data-id=\"269970a7\" data-element_type=\"column\">\n\t\t\t<div class=\"elementor-widget-wrap elementor-element-populated\">\n\t\t\t\t\t\t\t\t<div class=\"elementor-element elementor-element-0f30305 elementor-widget-divider--separator-type-pattern elementor-widget-divider--no-spacing elementor-widget-divider--view-line elementor-widget elementor-widget-divider\" data-id=\"0f30305\" data-element_type=\"widget\" data-widget_type=\"divider.default\">\n\t\t\t\t<div class=\"elementor-widget-container\">\n\t\t\t<style>\/*! elementor - v3.6.5 - 27-04-2022 *\/\n.elementor-widget-divider{--divider-border-style:none;--divider-border-width:1px;--divider-color:#2c2c2c;--divider-icon-size:20px;--divider-element-spacing:10px;--divider-pattern-height:24px;--divider-pattern-size:20px;--divider-pattern-url:none;--divider-pattern-repeat:repeat-x}.elementor-widget-divider .elementor-divider{display:-webkit-box;display:-ms-flexbox;display:flex}.elementor-widget-divider .elementor-divider__text{font-size:15px;line-height:1;max-width:95%}.elementor-widget-divider .elementor-divider__element{margin:0 var(--divider-element-spacing);-ms-flex-negative:0;flex-shrink:0}.elementor-widget-divider .elementor-icon{font-size:var(--divider-icon-size)}.elementor-widget-divider .elementor-divider-separator{display:-webkit-box;display:-ms-flexbox;display:flex;margin:0;direction:ltr}.elementor-widget-divider--view-line_icon .elementor-divider-separator,.elementor-widget-divider--view-line_text .elementor-divider-separator{-webkit-box-align:center;-ms-flex-align:center;align-items:center}.elementor-widget-divider--view-line_icon .elementor-divider-separator:after,.elementor-widget-divider--view-line_icon .elementor-divider-separator:before,.elementor-widget-divider--view-line_text .elementor-divider-separator:after,.elementor-widget-divider--view-line_text .elementor-divider-separator:before{display:block;content:\"\";border-bottom:0;-webkit-box-flex:1;-ms-flex-positive:1;flex-grow:1;border-top:var(--divider-border-width) var(--divider-border-style) var(--divider-color)}.elementor-widget-divider--element-align-left .elementor-divider .elementor-divider-separator>.elementor-divider__svg:first-of-type{-webkit-box-flex:0;-ms-flex-positive:0;flex-grow:0;-ms-flex-negative:100;flex-shrink:100}.elementor-widget-divider--element-align-left .elementor-divider-separator:before{content:none}.elementor-widget-divider--element-align-left .elementor-divider__element{margin-left:0}.elementor-widget-divider--element-align-right .elementor-divider .elementor-divider-separator>.elementor-divider__svg:last-of-type{-webkit-box-flex:0;-ms-flex-positive:0;flex-grow:0;-ms-flex-negative:100;flex-shrink:100}.elementor-widget-divider--element-align-right .elementor-divider-separator:after{content:none}.elementor-widget-divider--element-align-right .elementor-divider__element{margin-right:0}.elementor-widget-divider:not(.elementor-widget-divider--view-line_text):not(.elementor-widget-divider--view-line_icon) .elementor-divider-separator{border-top:var(--divider-border-width) var(--divider-border-style) var(--divider-color)}.elementor-widget-divider--separator-type-pattern{--divider-border-style:none}.elementor-widget-divider--separator-type-pattern.elementor-widget-divider--view-line .elementor-divider-separator,.elementor-widget-divider--separator-type-pattern:not(.elementor-widget-divider--view-line) .elementor-divider-separator:after,.elementor-widget-divider--separator-type-pattern:not(.elementor-widget-divider--view-line) .elementor-divider-separator:before,.elementor-widget-divider--separator-type-pattern:not([class*=elementor-widget-divider--view]) .elementor-divider-separator{width:100%;min-height:var(--divider-pattern-height);-webkit-mask-size:var(--divider-pattern-size) 100%;mask-size:var(--divider-pattern-size) 100%;-webkit-mask-repeat:var(--divider-pattern-repeat);mask-repeat:var(--divider-pattern-repeat);background-color:var(--divider-color);-webkit-mask-image:var(--divider-pattern-url);mask-image:var(--divider-pattern-url)}.elementor-widget-divider--no-spacing{--divider-pattern-size:auto}.elementor-widget-divider--bg-round{--divider-pattern-repeat:round}.rtl .elementor-widget-divider .elementor-divider__text{direction:rtl}<\/style>\t\t<div class=\"elementor-divider\" style=\"--divider-pattern-url: url(&quot;data:image\/svg+xml,%3Csvg xmlns=&#039;http:\/\/www.w3.org\/2000\/svg&#039; preserveAspectRatio=&#039;xMidYMid meet&#039; overflow=&#039;visible&#039; height=&#039;100%&#039; viewBox=&#039;0 0 126 26&#039; fill=&#039;black&#039; stroke=&#039;none&#039;%3E%3Cpath d=&#039;M3,10.2c2.6,0,2.6,2,2.6,3.2S4.4,16.5,3,16.5s-3-1.4-3-3.2S0.4,10.2,3,10.2z M18.8,10.2c1.7,0,3.2,1.4,3.2,3.2s-1.4,3.2-3.2,3.2c-1.7,0-3.2-1.4-3.2-3.2S17,10.2,18.8,10.2z M34.6,10.2c1.5,0,2.6,1.4,2.6,3.2s-0.5,3.2-1.9,3.2c-1.5,0-3.4-1.4-3.4-3.2S33.1,10.2,34.6,10.2z M50.5,10.2c1.7,0,3.2,1.4,3.2,3.2s-1.4,3.2-3.2,3.2c-1.7,0-3.3-0.9-3.3-2.6S48.7,10.2,50.5,10.2z M66.2,10.2c1.5,0,3.4,1.4,3.4,3.2s-1.9,3.2-3.4,3.2c-1.5,0-2.6-0.4-2.6-2.1S64.8,10.2,66.2,10.2z M82.2,10.2c1.7,0.8,2.6,1.4,2.6,3.2s-0.1,3.2-1.6,3.2c-1.5,0-3.7-1.4-3.7-3.2S80.5,9.4,82.2,10.2zM98.6,10.2c1.5,0,2.6,0.4,2.6,2.1s-1.2,4.2-2.6,4.2c-1.5,0-3.7-0.4-3.7-2.1S97.1,10.2,98.6,10.2z M113.4,10.2c1.2,0,2.2,0.9,2.2,3.2s-0.1,3.2-1.3,3.2s-3.1-1.4-3.1-3.2S112.2,10.2,113.4,10.2z&#039;\/%3E%3C\/svg%3E&quot;);\">\n\t\t\t<span class=\"elementor-divider-separator\">\n\t\t\t\t\t\t<\/span>\n\t\t<\/div>\n\t\t\t\t<\/div>\n\t\t\t\t<\/div>\n\t\t\t\t<div class=\"elementor-element elementor-element-a7a51a1 elementor-widget elementor-widget-text-editor\" data-id=\"a7a51a1\" data-element_type=\"widget\" data-widget_type=\"text-editor.default\">\n\t\t\t\t<div class=\"elementor-widget-container\">\n\t\t\t<style>\/*! elementor - v3.6.5 - 27-04-2022 *\/\n.elementor-widget-text-editor.elementor-drop-cap-view-stacked .elementor-drop-cap{background-color:#818a91;color:#fff}.elementor-widget-text-editor.elementor-drop-cap-view-framed .elementor-drop-cap{color:#818a91;border:3px solid;background-color:transparent}.elementor-widget-text-editor:not(.elementor-drop-cap-view-default) .elementor-drop-cap{margin-top:8px}.elementor-widget-text-editor:not(.elementor-drop-cap-view-default) .elementor-drop-cap-letter{width:1em;height:1em}.elementor-widget-text-editor .elementor-drop-cap{float:left;text-align:center;line-height:1;font-size:50px}.elementor-widget-text-editor .elementor-drop-cap-letter{display:inline-block}<\/style>\t\t\t\t<div title=\"Page 3\"><h2><span style=\"color: #78ba96; font-size: 22px; font-family: Barlow, sans-serif; font-weight: normal;\">Accompagnement et conseils aux artistes ax\u00e9s sur leurs objectifs de carri\u00e8re en anglais<\/span><span style=\"color: #78ba96; font-size: 22px; font-family: Barlow, sans-serif; font-weight: 300;\">\u00a0<\/span><\/h2><\/div><div title=\"Page 3\"><p>Mes services de conseil et de consultation en mati\u00e8re de carri\u00e8re comprennent un accompagnement personnalise\u0301, et une aide au d\u00e9veloppement<span style=\"color: var( --e-global-color-text );\"> de votre pratique artistique professionnelle <\/span>en fonction de vos besoins et de vos objectifs en anglais. Les domaines couverts comprennent les strat\u00e9gies de communication et de promotion en anglais ; l&rsquo;assistance en anglais pour votre carri\u00e8re dans les arts visuels et pour les projets internationaux ; r\u00e9pondre aux appels \u00e0 candidatures ; le contenu des sites web et des m\u00e9dias sociaux, et des conseils en mati\u00e8re de d\u00e9veloppement de carri\u00e8re.<\/p><p>Ces services peuvent \u00eatre r\u00e9alis\u00e9s en personne, par t\u00e9l\u00e9phone, par visio ou par e-mail.<\/p><p><span style=\"color: var( --e-global-color-text );\">1. Consultation unique : Se\u0301ances de conseil portant sur des questions spe\u0301cifiques, des objectifs de carrie\u0300re ou des difficulte\u0301s.<\/span><\/p><p><span style=\"color: var( --e-global-color-text );\">2. Accompagnement professionnel continu : Ce service fournit une assistance \u00e0 votre carrie\u0300re sur une plus longue pe\u0301riode, et s\u2019adapte aux besoins spe\u0301cifiques ainsi qu&rsquo;\u00e0 la temporalite\u0301 particulie\u0300re de chaque artiste. L\u2019accompagnement de carrie\u0300re peut e\u0302tre demande\u0301 sur une base re\u0301gulie\u0300re ou en cas de besoin ponctuel.<\/span><\/p><p>Veuillez \u00e9galement consulter la page <a href=\"https:\/\/altairroelants.com\/fr\/support-pour-traduction-en-anglais-pour-les-arts-visuels\/\">Anglais pour les arts visuels<\/a> pour les services associ\u00e9s.<\/p><h2><span style=\"color: #78ba96; font-size: 22px; font-family: Barlow, sans-serif; font-weight: normal;\">Aide \u00e0 la r\u00e9daction pour votre carri\u00e8re<\/span><\/h2><p><span style=\"color: var( --e-global-color-text );\">E\u0301crire sur sa propre pratique artistique ou son travail peut souvent se re\u0301ve\u0301ler difficile. C&rsquo;est pourquoi je propose un accompagnement individuel aux artistes visuels afin de les aider dans le processus d&rsquo;e\u0301criture en anglais. J&rsquo;offre des conseils sur le contenu, la structure et le style, et je procure des commentaires et des retours au fur et a\u0300 mesure de l\u2019avancement du travail e\u0301crit. Nous pouvons nous concentrer, ensemble, sur un large e\u0301ventail de textes, notamment ceux destine\u0301s a\u0300 votre portfolio, a\u0300 votre site web, a\u0300 vos expositions, appels \u00e0 projets et candidatures ou tout autre \u00e9crit.\u00a0<\/span><\/p><h2><span style=\"color: #78ba96;\"><span style=\"font-family: Barlow, sans-serif;\"><span style=\"font-size: 22px; font-weight: 400;\">Examen de portfolios et site web\u00a0<\/span><\/span><\/span><\/h2><p><span style=\"color: var( --e-global-color-text );\">1. Examen du portfolio et\/ou du site web de l&rsquo;artiste, se focalisant sur le contenu, la mise en page, le design, le professionnalisme et l&rsquo;utilisation, et mettant en e\u0301vidence les points a\u0300 revoir et \u00e0 am\u00e9liorer.\u00a0<\/span><span style=\"color: var( --e-global-color-text );\">Une bilan e\u0301crit, de\u0301taille\u0301 est fourni\u00a0<\/span><span style=\"color: var( --e-global-color-text );\">et je suis disponible pour re\u0301pondre a\u0300 toutes les questions. Vous pouvez e\u0301galement demander une e\u0301valuation croise\u0301e de portfolio et de site web.<\/span><\/p><p><span style=\"color: var( --e-global-color-text );\">2. Conseils et assistance pour la mise a\u0300 jour du contenu visuel et e\u0301crit de votre portfolio ou de votre site web. Veuillez noter que sont exclus le travail de conception graphique et l&rsquo;aide technique.<\/span><\/p><p><span style=\"color: var( --e-global-color-text );\">Veuillez e\u0301galement consulter la page\u00a0<\/span><a href=\"https:\/\/altairroelants.com\/fr\/critique-dart-et-redaction\/\">Critique d&rsquo;art &amp; r\u00e9daction<\/a><span style=\"color: var( --e-global-color-text );\"> pour des services de re\u0301daction supple\u0301mentaires.<\/span><\/p><\/div>\t\t\t\t\t\t<\/div>\n\t\t\t\t<\/div>\n\t\t\t\t\t<\/div>\n\t\t<\/div>\n\t\t\t\t\t\t\t<\/div>\n\t\t<\/section>\n\t\t\t\t\t\t\t<\/div>\n\t\t","protected":false},"excerpt":{"rendered":"<p>Accompagnement et conseils aux artistes ax\u00e9s sur leurs objectifs de carri\u00e8re en anglais\u00a0 Mes services de conseil et de consultation en mati\u00e8re [&hellip;]<\/p>\n","protected":false},"author":1,"featured_media":0,"parent":0,"menu_order":0,"comment_status":"closed","ping_status":"closed","template":"","meta":[],"_links":{"self":[{"href":"https:\/\/altairroelants.com\/fr\/wp-json\/wp\/v2\/pages\/1702"}],"collection":[{"href":"https:\/\/altairroelants.com\/fr\/wp-json\/wp\/v2\/pages"}],"about":[{"href":"https:\/\/altairroelants.com\/fr\/wp-json\/wp\/v2\/types\/page"}],"author":[{"embeddable":true,"href":"https:\/\/altairroelants.com\/fr\/wp-json\/wp\/v2\/users\/1"}],"replies":[{"embeddable":true,"href":"https:\/\/altairroelants.com\/fr\/wp-json\/wp\/v2\/comments?post=1702"}],"version-history":[{"count":248,"href":"https:\/\/altairroelants.com\/fr\/wp-json\/wp\/v2\/pages\/1702\/revisions"}],"predecessor-version":[{"id":4996,"href":"https:\/\/altairroelants.com\/fr\/wp-json\/wp\/v2\/pages\/1702\/revisions\/4996"}],"wp:attachment":[{"href":"https:\/\/altairroelants.com\/fr\/wp-json\/wp\/v2\/media?parent=1702"}],"curies":[{"name":"wp","href":"https:\/\/api.w.org\/{rel}","templated":true}]}}